{"id":33,"date":"2013-10-27T15:39:17","date_gmt":"2013-10-27T14:39:17","guid":{"rendered":"http:\/\/bermi.de\/?page_id=33"},"modified":"2026-01-21T11:27:11","modified_gmt":"2026-01-21T10:27:11","slug":"pflegegrad-3","status":"publish","type":"page","link":"https:\/\/www.bermi.de\/?page_id=33","title":{"rendered":"Pflegegrad 3"},"content":{"rendered":"<p>Seit 01.01.2017 werden Antragsteller auf Pflegeleistungen nach dem \u201eNeuen Begutachtungsassessment (NBA)\u201c begutachtet. Dabei untersuchen Gutachter des Medizinischen Dienstes der Krankenversicherung (MDK; bei gesetzlich Versicherten) und MEDICPROOF (bei privat Versicherten) die Antragsteller in sechs Bereichen auf den Grad ihrer noch vorhandenen Selbstst\u00e4ndigkeit. Die Begutachtung erfolgt dabei auf Basis eines Punktesystems. Ermittelt der Gutachter zwischen 47,5 und unter 70 Punkte, so erh\u00e4lt der Antragsteller Pflegegrad 3 und den Anspruch auf entsprechende Pflegeleistungen. Voraussetzung f\u00fcr Pflegegrad 3 ist eine <em><strong>&#8222;schwere Beeintr\u00e4chtigung der Selbstst\u00e4ndigkeit&#8220;.<\/strong><\/em><\/p>\n<p><em><strong>Leistungen bei Pflegegrad 3<br \/>\n<\/strong><\/em><\/p>\n<p>In Pflegegrad 3 besteht ein Anspruch auf 599 Euro Pflegegeld (1)<span style=\"font-size: 10px; line-height: 10px;\">\u00a0<\/span>oder 1497 Euro als Sachleistung (2) pro Monat. Au\u00dferdem besteht Anspruch auf den neuen einheitlichen \u201eEntlastungsbeitrag\u201c von monatlich 131 Euro f\u00fcr Betreuungs- und Entlastungsleistungen z.B. f\u00fcr eine Haushaltshilfe.<\/p>\n<p><em>(1) Pflegegeld kann in Anspruch genommen werden, wenn Angeh\u00f6rige oder Ehrenamtliche die Pflege \u00fcbernehmen. Das Pflegegeld kann auch mit Pflegesachleistungen kombiniert werden.<br \/>\n<\/em><em>(2)\u00a0Pflegesachleistungen k\u00f6nnen f\u00fcr die Hilfe durch einen ambulanten Pflegedienstes eingesetzt werden. Pflegesachleistungen k\u00f6nnen auch mit dem Pflegegeld kombiniert werden.<\/em><\/p>\n<p style=\"text-align: right;\"><em><a href=\"http:\/\/bermi.de\/?page_id=35\">Pflegegrad 4<\/a><br \/>\n<\/em><\/p>\n","protected":false},"excerpt":{"rendered":"<p>Seit 01.01.2017 werden Antragsteller auf Pflegeleistungen nach dem \u201eNeuen Begutachtungsassessment (NBA)\u201c begutachtet. Dabei untersuchen Gutachter des Medizinischen Dienstes der Krankenversicherung (MDK; bei gesetzlich Versicherten) und MEDICPROOF (bei privat Versicherten) die Antragsteller in sechs Bereichen auf den Grad ihrer noch vorhandenen Selbstst\u00e4ndigkeit. Die Begutachtung erfolgt dabei auf Basis eines Punktesystems. Ermittelt der Gutachter zwischen 47,5 und &hellip; <a href=\"https:\/\/www.bermi.de\/?page_id=33\" class=\"more-link\"><span class=\"screen-reader-text\">\u201ePflegegrad 3\u201c<\/span> weiterlesen<\/a><\/p>\n","protected":false},"author":3,"featured_media":0,"parent":27,"menu_order":12,"comment_status":"closed","ping_status":"closed","template":"","meta":{"footnotes":""},"class_list":["post-33","page","type-page","status-publish","hentry"],"_links":{"self":[{"href":"https:\/\/www.bermi.de\/index.php?rest_route=\/wp\/v2\/pages\/33","targetHints":{"allow":["GET"]}}],"collection":[{"href":"https:\/\/www.bermi.de\/index.php?rest_route=\/wp\/v2\/pages"}],"about":[{"href":"https:\/\/www.bermi.de\/index.php?rest_route=\/wp\/v2\/types\/page"}],"author":[{"embeddable":true,"href":"https:\/\/www.bermi.de\/index.php?rest_route=\/wp\/v2\/users\/3"}],"replies":[{"embeddable":true,"href":"https:\/\/www.bermi.de\/index.php?rest_route=%2Fwp%2Fv2%2Fcomments&post=33"}],"version-history":[{"count":4,"href":"https:\/\/www.bermi.de\/index.php?rest_route=\/wp\/v2\/pages\/33\/revisions"}],"predecessor-version":[{"id":434,"href":"https:\/\/www.bermi.de\/index.php?rest_route=\/wp\/v2\/pages\/33\/revisions\/434"}],"up":[{"embeddable":true,"href":"https:\/\/www.bermi.de\/index.php?rest_route=\/wp\/v2\/pages\/27"}],"wp:attachment":[{"href":"https:\/\/www.bermi.de\/index.php?rest_route=%2Fwp%2Fv2%2Fmedia&parent=33"}],"curies":[{"name":"wp","href":"https:\/\/api.w.org\/{rel}","templated":true}]}}