{"id":29,"date":"2013-10-27T15:38:14","date_gmt":"2013-10-27T14:38:14","guid":{"rendered":"http:\/\/bermi.de\/?page_id=29"},"modified":"2026-01-21T11:22:32","modified_gmt":"2026-01-21T10:22:32","slug":"pflegegrad-1","status":"publish","type":"page","link":"https:\/\/www.bermi.de\/?page_id=29","title":{"rendered":"Pflegegrad 1"},"content":{"rendered":"<p>Mit dem neuen Pflegegrad 1 genehmigen Pflegekassen seit 2017 k\u00f6rperlich und geistig noch recht beweglichen, geringf\u00fcgig hilfsbed\u00fcrftigen Versicherten Pflege- und Betreuungsleistungen, wenn Gutachter eine geringe Beeintr\u00e4chtigung der Selbstst\u00e4ndigkeit festgestellt haben. Nach dem alten System erhielten diese Menschen keinen Anspruch auf Leistungen aus der Pflegeversicherung<\/p>\n<p>Da dieser Grad der (Un-)Selbstst\u00e4ndigkeit nach dem alten Pflegestufensystem nicht ber\u00fccksichtigt wurde, haben i. d. R. nur neue Antragsteller seit 01.01.2017 Aussicht auf den Pflegegrad 1, da keine Pflegestufe in den Pflegegrad 1 umgewandelt wird. Voraussetzung f\u00fcr Pflegegrad 1 ist, dass Gutachter des Medizinischen Dienst der Krankenversicherung (MDK; bei gesetzlich Versicherten) oder MEDICPROOF (bei privat Versicherten) eine Mindestanzahl von 12,5 Punkten best\u00e4tigen. Das Gutachten zur Feststellung der Pflegebed\u00fcrftigkeit folgt seit 01.01.2017 der Einsch\u00e4tzung der Selbstst\u00e4ndigkeit in sechs Aktivit\u00e4tsbereichen nach dem neuen Begutachtungsverfahren NBA (s. u.).<\/p>\n<p><em><strong>Betreuungs- und Entlastungsleistungen bei Pflegegrad 1<\/strong><\/em><\/p>\n<p>In Pflegegrad 1 besteht ein Anspruch auf den neuen vereinheitlichten <strong>\u201eEntlastungsbeitrag\u201c von monatlich 131 Euro<\/strong> f\u00fcr <a href=\"https:\/\/www.pflege.de\/pflegekasse-pflegerecht\/pflegeleistungen\/zusaetzliche-betreuungsleistungen-entlastungsleistungen\/\">Betreuungs- und Entlastungsleistungen<\/a> ihrer Pflegekasse pro Monat. Der Betrag kann f\u00fcr folgende Leistungen in Ansruch genommen werden:<\/p>\n<ul>\n<li>an einer Betreuungsgruppe f\u00fcr leicht Hilfsbed\u00fcrftige teilnehmen, die sie geistig und k\u00f6rperlich aktiviert,<\/li>\n<li>einen Alltagsbegleiter z. B. f\u00fcr Gespr\u00e4che oder Spazierg\u00e4nge oder eine Einkaufshilfe bezahlen,<\/li>\n<li>oder Haushaltshilfen engagieren, die ihnen etwa beim Putzen der Wohnung helfen oder beschwerliche Hausarbeiten wie die Gardinenw\u00e4sche \u00fcbernehmen.<\/li>\n<\/ul>\n<p style=\"text-align: right;\"><a href=\"http:\/\/bermi.de\/?page_id=31\">Pflegegrad 2<\/a><\/p>\n","protected":false},"excerpt":{"rendered":"<p>Mit dem neuen Pflegegrad 1 genehmigen Pflegekassen seit 2017 k\u00f6rperlich und geistig noch recht beweglichen, geringf\u00fcgig hilfsbed\u00fcrftigen Versicherten Pflege- und Betreuungsleistungen, wenn Gutachter eine geringe Beeintr\u00e4chtigung der Selbstst\u00e4ndigkeit festgestellt haben. Nach dem alten System erhielten diese Menschen keinen Anspruch auf Leistungen aus der Pflegeversicherung Da dieser Grad der (Un-)Selbstst\u00e4ndigkeit nach dem alten Pflegestufensystem nicht ber\u00fccksichtigt &hellip; <a href=\"https:\/\/www.bermi.de\/?page_id=29\" class=\"more-link\"><span class=\"screen-reader-text\">\u201ePflegegrad 1\u201c<\/span> weiterlesen<\/a><\/p>\n","protected":false},"author":3,"featured_media":0,"parent":27,"menu_order":10,"comment_status":"closed","ping_status":"closed","template":"","meta":{"footnotes":""},"class_list":["post-29","page","type-page","status-publish","hentry"],"_links":{"self":[{"href":"https:\/\/www.bermi.de\/index.php?rest_route=\/wp\/v2\/pages\/29","targetHints":{"allow":["GET"]}}],"collection":[{"href":"https:\/\/www.bermi.de\/index.php?rest_route=\/wp\/v2\/pages"}],"about":[{"href":"https:\/\/www.bermi.de\/index.php?rest_route=\/wp\/v2\/types\/page"}],"author":[{"embeddable":true,"href":"https:\/\/www.bermi.de\/index.php?rest_route=\/wp\/v2\/users\/3"}],"replies":[{"embeddable":true,"href":"https:\/\/www.bermi.de\/index.php?rest_route=%2Fwp%2Fv2%2Fcomments&post=29"}],"version-history":[{"count":5,"href":"https:\/\/www.bermi.de\/index.php?rest_route=\/wp\/v2\/pages\/29\/revisions"}],"predecessor-version":[{"id":431,"href":"https:\/\/www.bermi.de\/index.php?rest_route=\/wp\/v2\/pages\/29\/revisions\/431"}],"up":[{"embeddable":true,"href":"https:\/\/www.bermi.de\/index.php?rest_route=\/wp\/v2\/pages\/27"}],"wp:attachment":[{"href":"https:\/\/www.bermi.de\/index.php?rest_route=%2Fwp%2Fv2%2Fmedia&parent=29"}],"curies":[{"name":"wp","href":"https:\/\/api.w.org\/{rel}","templated":true}]}}