{"id":27,"date":"2013-10-27T15:33:26","date_gmt":"2013-10-27T14:33:26","guid":{"rendered":"http:\/\/bermi.de\/?page_id=27"},"modified":"2018-07-05T13:33:39","modified_gmt":"2018-07-05T11:33:39","slug":"die-pflegegrade","status":"publish","type":"page","link":"https:\/\/www.bermi.de\/?page_id=27","title":{"rendered":"Die Pflegesgrade"},"content":{"rendered":"<p>Kranke oder alte Menschen ben\u00f6tigen unterschiedlich viel Pflege. Darum wurden offiziell f\u00fcnf unterschiedliche Pflegegrade eingef\u00fchrt, die nach dem individuellen Bedarf entscheiden helfen, wie viel finanzielle Unterst\u00fctzung gew\u00e4hrt werden kann. Ob die Voraussetzungen f\u00fcr Leistungen der Pflegekasse gegeben sind, entscheidet sich beim Gutachten des MDK. Entscheidend ist der t\u00e4gliche Bedarf an Grundpflege, also K\u00f6rperhygiene, Einnehmen von Mahlzeiten, Pflege der Garderobe oder Hilfe bei Toiletteng\u00e4ngen<\/p>\n<div class=\"wp-menu-arrow\"><\/div>\n<p>Auf den n\u00e4chsten Seiten stellen wir Ihnen die einzelnen Pflegegrade vor, sowie den Anspruch auf Geld- und Sachleistungen mit Stand Januar 2017. Eine detaillierte \u00dcbersicht finden Sie in den\u00a0<a href=\"https:\/\/www.bundesgesundheitsministerium.de\/fileadmin\/Dateien\/5_Publikationen\/Pflege\/Broschueren\/PSG_Alle_Leistungen.pdf\" target=\"_blank\" rel=\"noopener\">Tabellen der Pflegeleistungen (PDF)<\/a>\u00a0des Bundesministeriums f\u00fcr Gesundheit.<\/p>\n<p style=\"text-align: right;\"><a href=\"http:\/\/bermi.de\/?page_id=29\">Pflegegrad 1<\/a><\/p>\n","protected":false},"excerpt":{"rendered":"<p>Kranke oder alte Menschen ben\u00f6tigen unterschiedlich viel Pflege. Darum wurden offiziell f\u00fcnf unterschiedliche Pflegegrade eingef\u00fchrt, die nach dem individuellen Bedarf entscheiden helfen, wie viel finanzielle Unterst\u00fctzung gew\u00e4hrt werden kann. Ob die Voraussetzungen f\u00fcr Leistungen der Pflegekasse gegeben sind, entscheidet sich beim Gutachten des MDK. Entscheidend ist der t\u00e4gliche Bedarf an Grundpflege, also K\u00f6rperhygiene, Einnehmen von &hellip; <a href=\"https:\/\/www.bermi.de\/?page_id=27\" class=\"more-link\"><span class=\"screen-reader-text\">\u201eDie Pflegesgrade\u201c<\/span> weiterlesen<\/a><\/p>\n","protected":false},"author":3,"featured_media":0,"parent":0,"menu_order":30,"comment_status":"closed","ping_status":"closed","template":"","meta":{"footnotes":""},"class_list":["post-27","page","type-page","status-publish","hentry"],"_links":{"self":[{"href":"https:\/\/www.bermi.de\/index.php?rest_route=\/wp\/v2\/pages\/27","targetHints":{"allow":["GET"]}}],"collection":[{"href":"https:\/\/www.bermi.de\/index.php?rest_route=\/wp\/v2\/pages"}],"about":[{"href":"https:\/\/www.bermi.de\/index.php?rest_route=\/wp\/v2\/types\/page"}],"author":[{"embeddable":true,"href":"https:\/\/www.bermi.de\/index.php?rest_route=\/wp\/v2\/users\/3"}],"replies":[{"embeddable":true,"href":"https:\/\/www.bermi.de\/index.php?rest_route=%2Fwp%2Fv2%2Fcomments&post=27"}],"version-history":[{"count":5,"href":"https:\/\/www.bermi.de\/index.php?rest_route=\/wp\/v2\/pages\/27\/revisions"}],"predecessor-version":[{"id":312,"href":"https:\/\/www.bermi.de\/index.php?rest_route=\/wp\/v2\/pages\/27\/revisions\/312"}],"wp:attachment":[{"href":"https:\/\/www.bermi.de\/index.php?rest_route=%2Fwp%2Fv2%2Fmedia&parent=27"}],"curies":[{"name":"wp","href":"https:\/\/api.w.org\/{rel}","templated":true}]}}